{"id":18,"date":"2024-04-29T14:01:59","date_gmt":"2024-04-29T18:01:59","guid":{"rendered":"http:\/\/smash-access.org\/accueil\/"},"modified":"2024-10-08T15:21:32","modified_gmt":"2024-10-08T19:21:32","slug":"accueil","status":"publish","type":"page","link":"https:\/\/smash-access.org\/fr\/","title":{"rendered":"Accueil"},"content":{"rendered":"<h1>Am\u00e9liorer l&rsquo;acc\u00e8s au<br \/>\ndiagnostic et au traitement<br \/>\ndes troubles lipidiques<br \/>\nrares et s\u00e9v\u00e8res<\/h1>\n<p>Votre voix compte. Faites partie d&rsquo;un mouvement qui vise \u00e0 remodeler le paysage des soins de sant\u00e9 pour les maladies lipidiques rares.<\/p>\n<p><a href=\"https:\/\/smash-access.org\/fr\/declaration\/\"><button>Signer la d\u00e9claration<\/button><\/a><\/p>\n","protected":false},"excerpt":{"rendered":"<p>Am\u00e9liorer l&rsquo;acc\u00e8s au diagnostic et au traitement des troubles lipidiques rares et s\u00e9v\u00e8res Votre voix compte. Faites partie d&rsquo;un mouvement qui vise \u00e0 remodeler le paysage des soins de sant\u00e9 pour les maladies lipidiques rares. Signer la d\u00e9claration<\/p>\n","protected":false},"author":1,"featured_media":0,"parent":0,"menu_order":0,"comment_status":"closed","ping_status":"closed","template":"template\/accueil.php","meta":{"_acf_changed":false,"footnotes":""},"class_list":["post-18","page","type-page","status-publish","hentry"],"acf":[],"yoast_head":"<!-- This site is optimized with the Yoast SEO plugin v25.7 - https:\/\/yoast.com\/wordpress\/plugins\/seo\/ -->\n<title>Accueil - SMASH<\/title>\n<meta name=\"description\" content=\"Accueil SMASH - Am\u00e9liorer l&#039;acc\u00e8s au diagnostic et au traitement des d\u00e9sordres lipidiques rares et s\u00e9v\u00e8res. Votre voix compte. Faites (...)\" \/>\n<meta name=\"robots\" content=\"index, follow, max-snippet:-1, max-image-preview:large, max-video-preview:-1\" \/>\n<link rel=\"canonical\" href=\"https:\/\/smash-access.org\/fr\/\" \/>\n<meta property=\"og:locale\" content=\"fr_FR\" \/>\n<meta property=\"og:type\" content=\"article\" \/>\n<meta property=\"og:title\" content=\"Accueil - SMASH\" \/>\n<meta property=\"og:description\" content=\"Accueil SMASH - Am\u00e9liorer l&#039;acc\u00e8s au diagnostic et au traitement des d\u00e9sordres lipidiques rares et s\u00e9v\u00e8res. Votre voix compte. Faites (...)\" \/>\n<meta property=\"og:url\" content=\"https:\/\/smash-access.org\/fr\/\" \/>\n<meta property=\"og:site_name\" content=\"SMASH\" \/>\n<meta property=\"article:modified_time\" content=\"2024-10-08T19:21:32+00:00\" \/>\n<meta name=\"twitter:card\" content=\"summary_large_image\" \/>\n<meta name=\"twitter:label1\" content=\"Dur\u00e9e de lecture estim\u00e9e\" \/>\n\t<meta name=\"twitter:data1\" content=\"1 minute\" \/>\n<script type=\"application\/ld+json\" class=\"yoast-schema-graph\">{\"@context\":\"https:\/\/schema.org\",\"@graph\":[{\"@type\":\"WebPage\",\"@id\":\"https:\/\/smash-access.org\/fr\/\",\"url\":\"https:\/\/smash-access.org\/fr\/\",\"name\":\"Accueil - SMASH\",\"isPartOf\":{\"@id\":\"https:\/\/smash-access.org\/fr\/#website\"},\"datePublished\":\"2024-04-29T18:01:59+00:00\",\"dateModified\":\"2024-10-08T19:21:32+00:00\",\"description\":\"Accueil SMASH - Am\u00e9liorer l'acc\u00e8s au diagnostic et au traitement des d\u00e9sordres lipidiques rares et s\u00e9v\u00e8res. Votre voix compte. Faites (...)\",\"inLanguage\":\"fr-FR\",\"potentialAction\":[{\"@type\":\"ReadAction\",\"target\":[\"https:\/\/smash-access.org\/fr\/\"]}]},{\"@type\":\"WebSite\",\"@id\":\"https:\/\/smash-access.org\/fr\/#website\",\"url\":\"https:\/\/smash-access.org\/fr\/\",\"name\":\"SMASH\",\"description\":\"\",\"potentialAction\":[{\"@type\":\"SearchAction\",\"target\":{\"@type\":\"EntryPoint\",\"urlTemplate\":\"https:\/\/smash-access.org\/fr\/?s={search_term_string}\"},\"query-input\":{\"@type\":\"PropertyValueSpecification\",\"valueRequired\":true,\"valueName\":\"search_term_string\"}}],\"inLanguage\":\"fr-FR\"}]}<\/script>\n<!-- \/ Yoast SEO plugin. -->","yoast_head_json":{"title":"Accueil - SMASH","description":"Accueil SMASH - Am\u00e9liorer l'acc\u00e8s au diagnostic et au traitement des d\u00e9sordres lipidiques rares et s\u00e9v\u00e8res. Votre voix compte. Faites (...)","robots":{"index":"index","follow":"follow","max-snippet":"max-snippet:-1","max-image-preview":"max-image-preview:large","max-video-preview":"max-video-preview:-1"},"canonical":"https:\/\/smash-access.org\/fr\/","og_locale":"fr_FR","og_type":"article","og_title":"Accueil - SMASH","og_description":"Accueil SMASH - Am\u00e9liorer l'acc\u00e8s au diagnostic et au traitement des d\u00e9sordres lipidiques rares et s\u00e9v\u00e8res. Votre voix compte. Faites (...)","og_url":"https:\/\/smash-access.org\/fr\/","og_site_name":"SMASH","article_modified_time":"2024-10-08T19:21:32+00:00","twitter_card":"summary_large_image","twitter_misc":{"Dur\u00e9e de lecture estim\u00e9e":"1 minute"},"schema":{"@context":"https:\/\/schema.org","@graph":[{"@type":"WebPage","@id":"https:\/\/smash-access.org\/fr\/","url":"https:\/\/smash-access.org\/fr\/","name":"Accueil - SMASH","isPartOf":{"@id":"https:\/\/smash-access.org\/fr\/#website"},"datePublished":"2024-04-29T18:01:59+00:00","dateModified":"2024-10-08T19:21:32+00:00","description":"Accueil SMASH - Am\u00e9liorer l'acc\u00e8s au diagnostic et au traitement des d\u00e9sordres lipidiques rares et s\u00e9v\u00e8res. Votre voix compte. Faites (...)","inLanguage":"fr-FR","potentialAction":[{"@type":"ReadAction","target":["https:\/\/smash-access.org\/fr\/"]}]},{"@type":"WebSite","@id":"https:\/\/smash-access.org\/fr\/#website","url":"https:\/\/smash-access.org\/fr\/","name":"SMASH","description":"","potentialAction":[{"@type":"SearchAction","target":{"@type":"EntryPoint","urlTemplate":"https:\/\/smash-access.org\/fr\/?s={search_term_string}"},"query-input":{"@type":"PropertyValueSpecification","valueRequired":true,"valueName":"search_term_string"}}],"inLanguage":"fr-FR"}]}},"_links":{"self":[{"href":"https:\/\/smash-access.org\/fr\/wp-json\/wp\/v2\/pages\/18","targetHints":{"allow":["GET"]}}],"collection":[{"href":"https:\/\/smash-access.org\/fr\/wp-json\/wp\/v2\/pages"}],"about":[{"href":"https:\/\/smash-access.org\/fr\/wp-json\/wp\/v2\/types\/page"}],"author":[{"embeddable":true,"href":"https:\/\/smash-access.org\/fr\/wp-json\/wp\/v2\/users\/1"}],"replies":[{"embeddable":true,"href":"https:\/\/smash-access.org\/fr\/wp-json\/wp\/v2\/comments?post=18"}],"version-history":[{"count":31,"href":"https:\/\/smash-access.org\/fr\/wp-json\/wp\/v2\/pages\/18\/revisions"}],"predecessor-version":[{"id":564,"href":"https:\/\/smash-access.org\/fr\/wp-json\/wp\/v2\/pages\/18\/revisions\/564"}],"wp:attachment":[{"href":"https:\/\/smash-access.org\/fr\/wp-json\/wp\/v2\/media?parent=18"}],"curies":[{"name":"wp","href":"https:\/\/api.w.org\/{rel}","templated":true}]}}