{"id":237,"date":"2024-05-14T15:52:51","date_gmt":"2024-05-14T19:52:51","guid":{"rendered":"https:\/\/smash-access.org\/?page_id=237"},"modified":"2024-09-30T09:37:37","modified_gmt":"2024-09-30T13:37:37","slug":"contactez-nous","status":"publish","type":"page","link":"https:\/\/smash-access.org\/fr\/contactez-nous\/","title":{"rendered":"Contactez-nous"},"content":{"rendered":"<h1><strong>Contactez-nous.\u2028<\/strong><br \/>\nNous sommes l\u00e0 pour nous connecter.<\/h1>\n<p><span style=\"font-weight: 400;\">Nous pensons que chaque conversation nous rapproche d&rsquo;un monde o\u00f9 chacun, ind\u00e9pendamment de son lieu de r\u00e9sidence ou de sa situation financi\u00e8re, peut acc\u00e9der \u00e0 des traitements innovants pour les troubles lipidiques rares ou s\u00e9v\u00e8res. Que vous ayez des interrogations, besoin davantage d&rsquo;informations ou d\u00e9siriez vous engager dans notre cause, nous sommes \u00e0 votre disposition pour vous \u00e9couter et vous fournir des r\u00e9ponses.<\/span><\/p>\n","protected":false},"excerpt":{"rendered":"<p>Contactez-nous.\u2028 Nous sommes l\u00e0 pour nous connecter. Nous pensons que chaque conversation nous rapproche d&rsquo;un monde o\u00f9 chacun, ind\u00e9pendamment de son lieu de r\u00e9sidence ou de sa situation financi\u00e8re, peut acc\u00e9der \u00e0 des traitements innovants pour les troubles lipidiques rares ou s\u00e9v\u00e8res. Que vous ayez des interrogations, besoin davantage d&rsquo;informations ou d\u00e9siriez vous engager dans [&hellip;]<\/p>\n","protected":false},"author":1,"featured_media":0,"parent":0,"menu_order":0,"comment_status":"closed","ping_status":"closed","template":"template\/contact.php","meta":{"_acf_changed":false,"footnotes":""},"class_list":["post-237","page","type-page","status-publish","hentry"],"acf":[],"yoast_head":"<!-- This site is optimized with the Yoast SEO plugin v25.7 - https:\/\/yoast.com\/wordpress\/plugins\/seo\/ -->\n<title>Contactez-nous<\/title>\n<meta name=\"description\" content=\"Contactez-nous - Nous sommes l\u00e0 pour nous connecter. Nous pensons que chaque conversation nous rapproche d&#039;un monde o\u00f9 chacun (...)\" \/>\n<meta name=\"robots\" content=\"index, follow, max-snippet:-1, max-image-preview:large, max-video-preview:-1\" \/>\n<link rel=\"canonical\" href=\"https:\/\/smash-access.org\/fr\/contactez-nous\/\" \/>\n<meta property=\"og:locale\" content=\"fr_FR\" \/>\n<meta property=\"og:type\" content=\"article\" \/>\n<meta property=\"og:title\" content=\"Contactez-nous\" \/>\n<meta property=\"og:description\" content=\"Contactez-nous - Nous sommes l\u00e0 pour nous connecter. Nous pensons que chaque conversation nous rapproche d&#039;un monde o\u00f9 chacun (...)\" \/>\n<meta property=\"og:url\" content=\"https:\/\/smash-access.org\/fr\/contactez-nous\/\" \/>\n<meta property=\"og:site_name\" content=\"SMASH\" \/>\n<meta property=\"article:modified_time\" content=\"2024-09-30T13:37:37+00:00\" \/>\n<meta name=\"twitter:card\" content=\"summary_large_image\" \/>\n<meta name=\"twitter:label1\" content=\"Dur\u00e9e de lecture estim\u00e9e\" \/>\n\t<meta name=\"twitter:data1\" content=\"1 minute\" \/>\n<script type=\"application\/ld+json\" class=\"yoast-schema-graph\">{\"@context\":\"https:\/\/schema.org\",\"@graph\":[{\"@type\":\"WebPage\",\"@id\":\"https:\/\/smash-access.org\/fr\/contactez-nous\/\",\"url\":\"https:\/\/smash-access.org\/fr\/contactez-nous\/\",\"name\":\"Contactez-nous\",\"isPartOf\":{\"@id\":\"https:\/\/smash-access.org\/fr\/#website\"},\"datePublished\":\"2024-05-14T19:52:51+00:00\",\"dateModified\":\"2024-09-30T13:37:37+00:00\",\"description\":\"Contactez-nous - Nous sommes l\u00e0 pour nous connecter. Nous pensons que chaque conversation nous rapproche d'un monde o\u00f9 chacun (...)\",\"inLanguage\":\"fr-FR\",\"potentialAction\":[{\"@type\":\"ReadAction\",\"target\":[\"https:\/\/smash-access.org\/fr\/contactez-nous\/\"]}]},{\"@type\":\"WebSite\",\"@id\":\"https:\/\/smash-access.org\/fr\/#website\",\"url\":\"https:\/\/smash-access.org\/fr\/\",\"name\":\"SMASH\",\"description\":\"\",\"potentialAction\":[{\"@type\":\"SearchAction\",\"target\":{\"@type\":\"EntryPoint\",\"urlTemplate\":\"https:\/\/smash-access.org\/fr\/?s={search_term_string}\"},\"query-input\":{\"@type\":\"PropertyValueSpecification\",\"valueRequired\":true,\"valueName\":\"search_term_string\"}}],\"inLanguage\":\"fr-FR\"}]}<\/script>\n<!-- \/ Yoast SEO plugin. -->","yoast_head_json":{"title":"Contactez-nous","description":"Contactez-nous - Nous sommes l\u00e0 pour nous connecter. Nous pensons que chaque conversation nous rapproche d'un monde o\u00f9 chacun (...)","robots":{"index":"index","follow":"follow","max-snippet":"max-snippet:-1","max-image-preview":"max-image-preview:large","max-video-preview":"max-video-preview:-1"},"canonical":"https:\/\/smash-access.org\/fr\/contactez-nous\/","og_locale":"fr_FR","og_type":"article","og_title":"Contactez-nous","og_description":"Contactez-nous - Nous sommes l\u00e0 pour nous connecter. Nous pensons que chaque conversation nous rapproche d'un monde o\u00f9 chacun (...)","og_url":"https:\/\/smash-access.org\/fr\/contactez-nous\/","og_site_name":"SMASH","article_modified_time":"2024-09-30T13:37:37+00:00","twitter_card":"summary_large_image","twitter_misc":{"Dur\u00e9e de lecture estim\u00e9e":"1 minute"},"schema":{"@context":"https:\/\/schema.org","@graph":[{"@type":"WebPage","@id":"https:\/\/smash-access.org\/fr\/contactez-nous\/","url":"https:\/\/smash-access.org\/fr\/contactez-nous\/","name":"Contactez-nous","isPartOf":{"@id":"https:\/\/smash-access.org\/fr\/#website"},"datePublished":"2024-05-14T19:52:51+00:00","dateModified":"2024-09-30T13:37:37+00:00","description":"Contactez-nous - Nous sommes l\u00e0 pour nous connecter. Nous pensons que chaque conversation nous rapproche d'un monde o\u00f9 chacun (...)","inLanguage":"fr-FR","potentialAction":[{"@type":"ReadAction","target":["https:\/\/smash-access.org\/fr\/contactez-nous\/"]}]},{"@type":"WebSite","@id":"https:\/\/smash-access.org\/fr\/#website","url":"https:\/\/smash-access.org\/fr\/","name":"SMASH","description":"","potentialAction":[{"@type":"SearchAction","target":{"@type":"EntryPoint","urlTemplate":"https:\/\/smash-access.org\/fr\/?s={search_term_string}"},"query-input":{"@type":"PropertyValueSpecification","valueRequired":true,"valueName":"search_term_string"}}],"inLanguage":"fr-FR"}]}},"_links":{"self":[{"href":"https:\/\/smash-access.org\/fr\/wp-json\/wp\/v2\/pages\/237","targetHints":{"allow":["GET"]}}],"collection":[{"href":"https:\/\/smash-access.org\/fr\/wp-json\/wp\/v2\/pages"}],"about":[{"href":"https:\/\/smash-access.org\/fr\/wp-json\/wp\/v2\/types\/page"}],"author":[{"embeddable":true,"href":"https:\/\/smash-access.org\/fr\/wp-json\/wp\/v2\/users\/1"}],"replies":[{"embeddable":true,"href":"https:\/\/smash-access.org\/fr\/wp-json\/wp\/v2\/comments?post=237"}],"version-history":[{"count":8,"href":"https:\/\/smash-access.org\/fr\/wp-json\/wp\/v2\/pages\/237\/revisions"}],"predecessor-version":[{"id":543,"href":"https:\/\/smash-access.org\/fr\/wp-json\/wp\/v2\/pages\/237\/revisions\/543"}],"wp:attachment":[{"href":"https:\/\/smash-access.org\/fr\/wp-json\/wp\/v2\/media?parent=237"}],"curies":[{"name":"wp","href":"https:\/\/api.w.org\/{rel}","templated":true}]}}